{"id":19,"date":"2016-10-26T12:36:12","date_gmt":"2016-10-26T12:36:12","guid":{"rendered":"http:\/\/eenopeenseniorenservice.nl\/?page_id=19"},"modified":"2025-04-23T10:00:55","modified_gmt":"2025-04-23T10:00:55","slug":"werkwijze","status":"publish","type":"page","link":"https:\/\/eenopeenseniorenservice.nl\/?page_id=19","title":{"rendered":"Hoe"},"content":{"rendered":"<p><strong>Hoe:<br \/>\n<\/strong>U kunt met mij bellen voor informatie en (als ik ruimte heb voor nieuwe cli\u00ebnten) een afspraak maken voor een gratis en vrijblijvend kennismakingsgesprek bij u thuis via <strong>margret@eenopeenseniorenservice.nl\u00a0<\/strong>of telefonisch via <strong>06-49814574.\u00a0<\/strong><br \/>\nWe bespreken bij u thuis uw zorgvraag en wat u daarin belangrijk vindt.<br \/>\nAls er een klik is en E\u00e9n op E\u00e9n Seniorenservice de gevraagde diensten kan leveren, spreken we in onderling overleg een persoonlijk plan, de frequentie en de tijden af.<br \/>\nOok partners, mantelzorgers, kinderen of familieleden kunnen een beroep doen op E\u00e9n op E\u00e9n Seniorenservice, dit natuurlijk altijd in goed overleg met de cli\u00ebnt zelf.<\/p>\n<p><strong>Kosten:<\/strong><br \/>\n* Mijn particuliere basistarief is \u20ac 27,50 per uur.<br \/>\nDe minimale afname bedraagt 2 aaneengesloten uren.<br \/>\nHet tarief voor een dagdeel van 4 aaneensluitende uren van\u00a0 8.00 &#8211; 12.00 uur of van 13.00 &#8211; 17.00 u bedraagt \u20ac 100,-<br \/>\nHet tarief voor een hele dag van 9.00 &#8211; 17.00 uur \u00a0bedraagt \u20ac 200,-<br \/>\nHeeft u een PGB (wlz) dan kunt u de diensten van E\u00e9n op E\u00e9n Seniorenservice daaruit betalen. NB. Hiervoor gelden andere tarieven!<br \/>\nHet tarief voor groepsbegeleiding op een dagbesteding bedraagt momenteel \u20ac 32,50 per uur.<\/p>\n<p>* Overige kosten zoals kosten voor parkeren, consumpties, toegangskaarten en evt. reiskosten*\u00a0 worden apart aan u doorberekend.<br \/>\nU ontvangt iedere maand een factuur.<\/p>\n<p><strong>Waar:<\/strong><br \/>\nE\u00e9n op E\u00e9n Seniorenservice is actief voor senioren in de regio Utrecht en omstreken.<\/p>\n<p>Ik ben in het bezit van een verklaring Omtrent het Gedrag en een KIWA keurmerk.<\/p>\n<p>Inschrijving KvK: 67071589<br \/>\nBTW nummer\u00a0 \u00a0 \u00a0: NL001524912B07<br \/>\nIBAN\u00a0 \u00a0 \u00a0 \u00a0 \u00a0 \u00a0 \u00a0 \u00a0 \u00a0 \u00a0: NL13 SNSB 0939502445<\/p>\n<p>* reiskosten zie Algemene Voorwaarden<\/p>\n","protected":false},"excerpt":{"rendered":"<p>Hoe: U kunt met mij bellen voor informatie en (als ik ruimte heb voor nieuwe cli\u00ebnten) een afspraak maken voor een gratis en vrijblijvend kennismakingsgesprek bij u thuis via margret@eenopeenseniorenservice.nl\u00a0of telefonisch via 06-49814574.\u00a0 We bespreken bij u thuis uw zorgvraag en wat u daarin belangrijk vindt. Als er een klik is en E\u00e9n op E\u00e9n [&hellip;]<\/p>\n","protected":false},"author":1,"featured_media":0,"parent":0,"menu_order":0,"comment_status":"closed","ping_status":"closed","template":"","meta":{"footnotes":""},"class_list":["post-19","page","type-page","status-publish","czr-hentry"],"jetpack_sharing_enabled":true,"jetpack_shortlink":"https:\/\/wp.me\/P83hUf-j","jetpack-related-posts":[],"_links":{"self":[{"href":"https:\/\/eenopeenseniorenservice.nl\/index.php?rest_route=\/wp\/v2\/pages\/19","targetHints":{"allow":["GET"]}}],"collection":[{"href":"https:\/\/eenopeenseniorenservice.nl\/index.php?rest_route=\/wp\/v2\/pages"}],"about":[{"href":"https:\/\/eenopeenseniorenservice.nl\/index.php?rest_route=\/wp\/v2\/types\/page"}],"author":[{"embeddable":true,"href":"https:\/\/eenopeenseniorenservice.nl\/index.php?rest_route=\/wp\/v2\/users\/1"}],"replies":[{"embeddable":true,"href":"https:\/\/eenopeenseniorenservice.nl\/index.php?rest_route=%2Fwp%2Fv2%2Fcomments&post=19"}],"version-history":[{"count":21,"href":"https:\/\/eenopeenseniorenservice.nl\/index.php?rest_route=\/wp\/v2\/pages\/19\/revisions"}],"predecessor-version":[{"id":578,"href":"https:\/\/eenopeenseniorenservice.nl\/index.php?rest_route=\/wp\/v2\/pages\/19\/revisions\/578"}],"wp:attachment":[{"href":"https:\/\/eenopeenseniorenservice.nl\/index.php?rest_route=%2Fwp%2Fv2%2Fmedia&parent=19"}],"curies":[{"name":"wp","href":"https:\/\/api.w.org\/{rel}","templated":true}]}}